{"id":146,"date":"2021-11-24T18:26:01","date_gmt":"2021-11-24T17:26:01","guid":{"rendered":"https:\/\/joltdx.se\/site\/?page_id=146"},"modified":"2024-07-25T14:33:08","modified_gmt":"2024-07-25T12:33:08","slug":"tidsbokning","status":"publish","type":"page","link":"https:\/\/joltdx.se\/en\/tidsbokning\/","title":{"rendered":"Tidsbokning"},"content":{"rendered":"<p>[et_pb_section fb_built=&#8221;1&#8243; next_background_color=&#8221;#18252c&#8221; admin_label=&#8221;Header&#8221; _builder_version=&#8221;4.16&#8243; use_background_color_gradient=&#8221;on&#8221; background_color_gradient_direction=&#8221;120deg&#8221; background_color_gradient_stops=&#8221;#00284c 20%|rgba(0,37,68,0.5) 80%&#8221; background_color_gradient_overlays_image=&#8221;on&#8221; background_color_gradient_start=&#8221;#00284c&#8221; background_color_gradient_start_position=&#8221;20%&#8221; background_color_gradient_end=&#8221;rgba(0,37,68,0.5)&#8221; background_color_gradient_end_position=&#8221;80%&#8221; background_enable_image=&#8221;off&#8221; custom_padding=&#8221;2vw|0px|2vw|0px|true|false&#8221; bottom_divider_style=&#8221;mountains2&#8243; bottom_divider_flip=&#8221;horizontal&#8221; global_colors_info=&#8221;{}&#8221;][et_pb_row column_structure=&#8221;1_2,1_2&#8243; _builder_version=&#8221;4.16&#8243; max_width=&#8221;1280px&#8221; use_custom_width=&#8221;on&#8221; custom_width_px=&#8221;1280px&#8221; global_colors_info=&#8221;{}&#8221;][et_pb_column type=&#8221;1_2&#8243; _builder_version=&#8221;4.16&#8243; custom_padding=&#8221;|||&#8221; global_colors_info=&#8221;{}&#8221; custom_padding__hover=&#8221;|||&#8221;][et_pb_text _builder_version=&#8221;4.17.0&#8243; text_font=&#8221;Open Sans||||||||&#8221; text_line_height=&#8221;1.8em&#8221; header_font=&#8221;Squada One|||on|||||&#8221; header_font_size=&#8221;60px&#8221; header_letter_spacing=&#8221;1px&#8221; header_line_height=&#8221;1.1em&#8221; background_layout=&#8221;dark&#8221; animation_style=&#8221;fade&#8221; animation_direction=&#8221;left&#8221; text_font_size_tablet=&#8221;&#8221; text_font_size_phone=&#8221;&#8221; text_font_size_last_edited=&#8221;on|desktop&#8221; text_line_height_tablet=&#8221;&#8221; text_line_height_phone=&#8221;&#8221; text_line_height_last_edited=&#8221;on|desktop&#8221; header_font_size_tablet=&#8221;&#8221; header_font_size_phone=&#8221;32px&#8221; header_font_size_last_edited=&#8221;on|phone&#8221; global_colors_info=&#8221;{}&#8221;]<\/p>\n<h1>Tidsbokning<\/h1>\n<p>Vill du testa p\u00e5 tr\u00e4ning med macbell eller f\u00e5 en demonstration har JOLT DX som en PT-studio eller showroom, med m\u00f6jlighet till detta utifr\u00e5n dina \u00f6nskem\u00e5l i en privat, enskild och fokuserad milj\u00f6. Testa sj\u00e4lv med mig eller ta med dig en kompis.<\/p>\n<p>Det finns inget aktivt bokningssystem just nu, men \u00e4r du intresserad av att testa \u00e4r det bara att kontakta mig p\u00e5 l\u00e4mpligaste s\u00e4tt, t.ex. via kontaktuppgifter l\u00e4ngst ner p\u00e5 sidan, eller p\u00e5 min instagram @jolt.macelifter. Med lite planering brukar jag kunna vara ganska flexibel.<\/p>\n<p>Jag kommer g\u00e4rna ocks\u00e5 till er idrottsf\u00f6rening och h\u00e5ller en introduktion eller tr\u00e4ningspass med macebell.<\/p>\n<p>&nbsp;<\/p>\n<p>[\/et_pb_text][\/et_pb_column][et_pb_column type=&#8221;1_2&#8243; _builder_version=&#8221;4.16&#8243; custom_padding=&#8221;|||&#8221; global_colors_info=&#8221;{}&#8221; custom_padding__hover=&#8221;|||&#8221;][et_pb_image src=&#8221;https:\/\/joltdx.se\/joltdx\/wp-content\/uploads\/2021\/12\/Gym-floor-1024&#215;576.jpg&#8221; alt=&#8221;Gymgolv&#8221; title_text=&#8221;Gym floor&#8221; show_in_lightbox=&#8221;on&#8221; _builder_version=&#8221;4.16&#8243; _module_preset=&#8221;default&#8221; global_colors_info=&#8221;{}&#8221;][\/et_pb_image][\/et_pb_column][\/et_pb_row][\/et_pb_section][et_pb_section fb_built=&#8221;1&#8243; next_background_color=&#8221;#000000&#8243; admin_label=&#8221;Programs&#8221; _builder_version=&#8221;4.16&#8243; background_color=&#8221;#18252c&#8221; custom_padding=&#8221;0px|0px|51px|0px|false|false&#8221; bottom_divider_style=&#8221;graph2&#8243; global_colors_info=&#8221;{}&#8221;][et_pb_row _builder_version=&#8221;4.16&#8243; global_colors_info=&#8221;{}&#8221;][et_pb_column type=&#8221;4_4&#8243; _builder_version=&#8221;4.16&#8243; custom_padding=&#8221;|||&#8221; global_colors_info=&#8221;{}&#8221; custom_padding__hover=&#8221;|||&#8221;][\/et_pb_column][\/et_pb_row][\/et_pb_section][et_pb_section fb_built=&#8221;1&#8243; admin_label=&#8221;Subscribe&#8221; _builder_version=&#8221;4.16&#8243; background_color=&#8221;#000000&#8243; custom_padding=&#8221;0px|0px|0|0px|false|false&#8221; global_colors_info=&#8221;{}&#8221;][\/et_pb_section]<\/p>\n","protected":false},"excerpt":{"rendered":"<p>Tidsbokning Vill du testa p\u00e5 tr\u00e4ning med macbell eller f\u00e5 en demonstration har JOLT DX som en PT-studio eller showroom, med m\u00f6jlighet till detta utifr\u00e5n dina \u00f6nskem\u00e5l i en privat, enskild och fokuserad milj\u00f6. Testa sj\u00e4lv med mig eller ta med dig en kompis. Det finns inget aktivt bokningssystem just nu, men \u00e4r du intresserad [&hellip;]<\/p>\n","protected":false},"author":1,"featured_media":0,"parent":0,"menu_order":0,"comment_status":"closed","ping_status":"closed","template":"","meta":{"_et_pb_use_builder":"on","_et_pb_old_content":"","_et_gb_content_width":"","footnotes":""},"class_list":["post-146","page","type-page","status-publish","hentry"],"jetpack_sharing_enabled":true,"_links":{"self":[{"href":"https:\/\/joltdx.se\/en\/wp-json\/wp\/v2\/pages\/146","targetHints":{"allow":["GET"]}}],"collection":[{"href":"https:\/\/joltdx.se\/en\/wp-json\/wp\/v2\/pages"}],"about":[{"href":"https:\/\/joltdx.se\/en\/wp-json\/wp\/v2\/types\/page"}],"author":[{"embeddable":true,"href":"https:\/\/joltdx.se\/en\/wp-json\/wp\/v2\/users\/1"}],"replies":[{"embeddable":true,"href":"https:\/\/joltdx.se\/en\/wp-json\/wp\/v2\/comments?post=146"}],"version-history":[{"count":23,"href":"https:\/\/joltdx.se\/en\/wp-json\/wp\/v2\/pages\/146\/revisions"}],"predecessor-version":[{"id":573,"href":"https:\/\/joltdx.se\/en\/wp-json\/wp\/v2\/pages\/146\/revisions\/573"}],"wp:attachment":[{"href":"https:\/\/joltdx.se\/en\/wp-json\/wp\/v2\/media?parent=146"}],"curies":[{"name":"wp","href":"https:\/\/api.w.org\/{rel}","templated":true}]}}