{"id":639,"date":"2023-02-26T06:34:04","date_gmt":"2023-02-26T05:34:04","guid":{"rendered":"https:\/\/joltdx.se\/?post_type=product&#038;p=639"},"modified":"2024-12-01T08:02:06","modified_gmt":"2024-12-01T07:02:06","slug":"hammare-10-kg","status":"publish","type":"product","link":"https:\/\/joltdx.se\/en\/product\/hammare-10-kg\/","title":{"rendered":"Gymhammare sl\u00e4gga 10 kg"},"content":{"rendered":"<p>Hammare eller sl\u00e4gga f\u00f6r styrketr\u00e4ning<\/p>","protected":false},"excerpt":{"rendered":"<p>Tillverkare: Kettlebellshop<\/p>\n<p>Vikt: 10 kg<br \/>\nH\u00f6jd: 94 cm<br \/>\nGreppdiameter: 4 cm<\/p>\n<p>Kettlebellshop logo och vikt \u00e4r instansad p\u00e5 denna hammare<\/p>","protected":false},"featured_media":636,"comment_status":"open","ping_status":"closed","template":"","meta":{"_et_pb_use_builder":"","_et_pb_old_content":"","_et_gb_content_width":""},"product_brand":[],"product_cat":[40],"product_tag":[],"class_list":{"0":"post-639","1":"product","2":"type-product","3":"status-publish","4":"has-post-thumbnail","6":"product_cat-slutsalt-wwll","7":"product_shipping_class-0010kg","9":"first","10":"outofstock","11":"sale","12":"taxable","13":"shipping-taxable","14":"purchasable","15":"product-type-simple"},"jetpack_sharing_enabled":true,"_links":{"self":[{"href":"https:\/\/joltdx.se\/en\/wp-json\/wp\/v2\/product\/639","targetHints":{"allow":["GET"]}}],"collection":[{"href":"https:\/\/joltdx.se\/en\/wp-json\/wp\/v2\/product"}],"about":[{"href":"https:\/\/joltdx.se\/en\/wp-json\/wp\/v2\/types\/product"}],"replies":[{"embeddable":true,"href":"https:\/\/joltdx.se\/en\/wp-json\/wp\/v2\/comments?post=639"}],"wp:featuredmedia":[{"embeddable":true,"href":"https:\/\/joltdx.se\/en\/wp-json\/wp\/v2\/media\/636"}],"wp:attachment":[{"href":"https:\/\/joltdx.se\/en\/wp-json\/wp\/v2\/media?parent=639"}],"wp:term":[{"taxonomy":"product_brand","embeddable":true,"href":"https:\/\/joltdx.se\/en\/wp-json\/wp\/v2\/product_brand?post=639"},{"taxonomy":"product_cat","embeddable":true,"href":"https:\/\/joltdx.se\/en\/wp-json\/wp\/v2\/product_cat?post=639"},{"taxonomy":"product_tag","embeddable":true,"href":"https:\/\/joltdx.se\/en\/wp-json\/wp\/v2\/product_tag?post=639"}],"curies":[{"name":"wp","href":"https:\/\/api.w.org\/{rel}","templated":true}]}}